{"id":2520,"date":"2020-10-18T19:41:59","date_gmt":"2020-10-18T19:41:59","guid":{"rendered":"https:\/\/o-glez.com\/piedrotes-ss17"},"modified":"2021-05-18T21:42:49","modified_gmt":"2021-05-18T20:42:49","slug":"piedrotes-ss17","status":"publish","type":"product","link":"https:\/\/o-glez.com\/en\/piedrotes-ss17","title":{"rendered":"PIEDROTES \u00b7 SS17"},"content":{"rendered":"","protected":false},"excerpt":{"rendered":"<p>Collar medio.<br \/>\nCuentas redondas de n\u00e1car blanco, 8mm.<br \/>\nCuentas redondas de piedra jade te\u00f1ida en azul\u00f3n, 8mm.<br \/>\nCuentas redondas de piedra jade te\u00f1ida en azul\u00f3n, 10mm.<br \/>\nCuentas facetadas de cristal zafiro, 20x16mm.<br \/>\nCord\u00f3n de poli\u00e9ster color azul\u00f3n.<\/p>\n","protected":false},"featured_media":2521,"template":"","meta":[],"product_brand":[],"product_cat":[128,129],"product_tag":[160,266],"class_list":{"0":"post-2520","1":"product","2":"type-product","3":"status-publish","4":"has-post-thumbnail","6":"product_cat-crystal","7":"product_cat-crystal-necklaces","8":"product_tag-handmade-in-spain","9":"product_tag-necklaces","11":"first","12":"instock","13":"taxable","14":"shipping-taxable","15":"purchasable","16":"product-type-simple"},"jetpack_sharing_enabled":true,"_links":{"self":[{"href":"https:\/\/o-glez.com\/en\/wp-json\/wp\/v2\/product\/2520","targetHints":{"allow":["GET"]}}],"collection":[{"href":"https:\/\/o-glez.com\/en\/wp-json\/wp\/v2\/product"}],"about":[{"href":"https:\/\/o-glez.com\/en\/wp-json\/wp\/v2\/types\/product"}],"version-history":[{"count":0,"href":"https:\/\/o-glez.com\/en\/wp-json\/wp\/v2\/product\/2520\/revisions"}],"wp:featuredmedia":[{"embeddable":true,"href":"https:\/\/o-glez.com\/en\/wp-json\/wp\/v2\/media\/2521"}],"wp:attachment":[{"href":"https:\/\/o-glez.com\/en\/wp-json\/wp\/v2\/media?parent=2520"}],"wp:term":[{"taxonomy":"product_brand","embeddable":true,"href":"https:\/\/o-glez.com\/en\/wp-json\/wp\/v2\/product_brand?post=2520"},{"taxonomy":"product_cat","embeddable":true,"href":"https:\/\/o-glez.com\/en\/wp-json\/wp\/v2\/product_cat?post=2520"},{"taxonomy":"product_tag","embeddable":true,"href":"https:\/\/o-glez.com\/en\/wp-json\/wp\/v2\/product_tag?post=2520"}],"curies":[{"name":"wp","href":"https:\/\/api.w.org\/{rel}","templated":true}]}}