{"id":7526,"date":"2022-04-10T18:54:22","date_gmt":"2022-04-10T16:54:22","guid":{"rendered":"https:\/\/o-glez.com\/pink-coral-hoops"},"modified":"2024-07-21T17:34:55","modified_gmt":"2024-07-21T15:34:55","slug":"pink-coral-hoops","status":"publish","type":"product","link":"https:\/\/o-glez.com\/en\/pink-coral-hoops","title":{"rendered":"Pink Coral Hoops"},"content":{"rendered":"","protected":false},"excerpt":{"rendered":"<p>Rama de piedra de coral rosa irregular de 8-12mm.Cord\u00f3n de poli\u00e9ster tejido a mano de color lila y rojo.Los aros son de lat\u00f3n chapado en oro. miden 25mm.<\/p>\n","protected":false},"featured_media":5825,"template":"","meta":[],"product_brand":[],"product_cat":[299,304],"product_tag":[272,160],"class_list":{"0":"post-7526","1":"product","2":"type-product","3":"status-publish","4":"has-post-thumbnail","6":"product_cat-spring-summer","7":"product_cat-spring-summer-earrings","8":"product_tag-earrings","9":"product_tag-handmade-in-spain","11":"first","12":"instock","13":"taxable","14":"shipping-taxable","15":"purchasable","16":"product-type-simple"},"jetpack_sharing_enabled":true,"_links":{"self":[{"href":"https:\/\/o-glez.com\/en\/wp-json\/wp\/v2\/product\/7526","targetHints":{"allow":["GET"]}}],"collection":[{"href":"https:\/\/o-glez.com\/en\/wp-json\/wp\/v2\/product"}],"about":[{"href":"https:\/\/o-glez.com\/en\/wp-json\/wp\/v2\/types\/product"}],"version-history":[{"count":1,"href":"https:\/\/o-glez.com\/en\/wp-json\/wp\/v2\/product\/7526\/revisions"}],"predecessor-version":[{"id":7527,"href":"https:\/\/o-glez.com\/en\/wp-json\/wp\/v2\/product\/7526\/revisions\/7527"}],"wp:featuredmedia":[{"embeddable":true,"href":"https:\/\/o-glez.com\/en\/wp-json\/wp\/v2\/media\/5825"}],"wp:attachment":[{"href":"https:\/\/o-glez.com\/en\/wp-json\/wp\/v2\/media?parent=7526"}],"wp:term":[{"taxonomy":"product_brand","embeddable":true,"href":"https:\/\/o-glez.com\/en\/wp-json\/wp\/v2\/product_brand?post=7526"},{"taxonomy":"product_cat","embeddable":true,"href":"https:\/\/o-glez.com\/en\/wp-json\/wp\/v2\/product_cat?post=7526"},{"taxonomy":"product_tag","embeddable":true,"href":"https:\/\/o-glez.com\/en\/wp-json\/wp\/v2\/product_tag?post=7526"}],"curies":[{"name":"wp","href":"https:\/\/api.w.org\/{rel}","templated":true}]}}