{"id":7684,"date":"2025-05-20T19:36:00","date_gmt":"2025-05-20T18:36:00","guid":{"rendered":"https:\/\/o-glez.com\/?post_type=product&#038;p=7684"},"modified":"2025-08-02T16:26:29","modified_gmt":"2025-08-02T15:26:29","slug":"flor-de-jaspe","status":"publish","type":"product","link":"https:\/\/o-glez.com\/en\/flor-de-jaspe","title":{"rendered":"Flor de jaspe &#8211; ZUBI Exclusive"},"content":{"rendered":"<p>Collar ajustable. Cada collar est\u00e1 hecho con cuentas planas ovaladas de piedra Flor de Jaspe. Enfilado a mano, realizando un trabajo de macram\u00e9 con cord\u00f3n japon\u00e9s de poli\u00e9ster de color amarillo y verde.<\/p>\n","protected":false},"excerpt":{"rendered":"<p>EXCLUISVO EN <a href=\"https:\/\/zubidesign.com\/\" target=\"_blank\" rel=\"noopener\">ZUBIDESIGN.COM<\/a><br \/>\nCuentas planas ovaladas de piedra Flor de Jaspe. Enfilado a mano, realizando un trabajo de macram\u00e9 con cord\u00f3n japon\u00e9s de poli\u00e9ster de color amarillo y verde.<\/p>\n","protected":false},"featured_media":7768,"template":"","meta":[],"product_brand":[362],"product_cat":[364,361],"product_tag":[309,151,363],"class_list":{"0":"post-7684","1":"product","2":"type-product","3":"status-publish","4":"has-post-thumbnail","6":"product_brand-zubi","7":"product_cat-sorbetto","8":"product_cat-zubi-high-summer","9":"product_tag-collar","10":"product_tag-hecho-a-mano-en-espana","11":"product_tag-zubi","13":"first","14":"instock","15":"sale","16":"taxable","17":"shipping-taxable","18":"product-type-external"},"jetpack_sharing_enabled":true,"_links":{"self":[{"href":"https:\/\/o-glez.com\/en\/wp-json\/wp\/v2\/product\/7684","targetHints":{"allow":["GET"]}}],"collection":[{"href":"https:\/\/o-glez.com\/en\/wp-json\/wp\/v2\/product"}],"about":[{"href":"https:\/\/o-glez.com\/en\/wp-json\/wp\/v2\/types\/product"}],"version-history":[{"count":3,"href":"https:\/\/o-glez.com\/en\/wp-json\/wp\/v2\/product\/7684\/revisions"}],"predecessor-version":[{"id":7897,"href":"https:\/\/o-glez.com\/en\/wp-json\/wp\/v2\/product\/7684\/revisions\/7897"}],"wp:featuredmedia":[{"embeddable":true,"href":"https:\/\/o-glez.com\/en\/wp-json\/wp\/v2\/media\/7768"}],"wp:attachment":[{"href":"https:\/\/o-glez.com\/en\/wp-json\/wp\/v2\/media?parent=7684"}],"wp:term":[{"taxonomy":"product_brand","embeddable":true,"href":"https:\/\/o-glez.com\/en\/wp-json\/wp\/v2\/product_brand?post=7684"},{"taxonomy":"product_cat","embeddable":true,"href":"https:\/\/o-glez.com\/en\/wp-json\/wp\/v2\/product_cat?post=7684"},{"taxonomy":"product_tag","embeddable":true,"href":"https:\/\/o-glez.com\/en\/wp-json\/wp\/v2\/product_tag?post=7684"}],"curies":[{"name":"wp","href":"https:\/\/api.w.org\/{rel}","templated":true}]}}