{"id":7691,"date":"2025-05-20T19:35:59","date_gmt":"2025-05-20T18:35:59","guid":{"rendered":"https:\/\/o-glez.com\/?post_type=product&#038;p=7691"},"modified":"2025-08-02T16:26:31","modified_gmt":"2025-08-02T15:26:31","slug":"polvo-de-coral","status":"publish","type":"product","link":"https:\/\/o-glez.com\/en\/polvo-de-coral","title":{"rendered":"Polvo de coral &#8211; ZUBI Exclusive"},"content":{"rendered":"<p>Collar ajustable. Cada collar est\u00e1 hecho con cuentas barril de resina de coral. Enfilado a mano, realizando un trabajo de macram\u00e9 con cord\u00f3n japon\u00e9s de poli\u00e9ster en color fresa y mandarina.<\/p>\n","protected":false},"excerpt":{"rendered":"<p>EXCLUISVO EN <a href=\"https:\/\/zubidesign.com\/\" target=\"_blank\" rel=\"noopener\">ZUBIDESIGN.COM<\/a><br \/>\nCuentas barril de resina de coral. Enfilado a mano, realizando un trabajo de macram\u00e9 con cord\u00f3n japon\u00e9s de poli\u00e9ster en color fresa y mandarina.<\/p>\n","protected":false},"featured_media":7762,"template":"","meta":[],"product_brand":[362],"product_cat":[364,361],"product_tag":[309,151,363],"class_list":{"0":"post-7691","1":"product","2":"type-product","3":"status-publish","4":"has-post-thumbnail","6":"product_brand-zubi","7":"product_cat-sorbetto","8":"product_cat-zubi-high-summer","9":"product_tag-collar","10":"product_tag-hecho-a-mano-en-espana","11":"product_tag-zubi","13":"first","14":"instock","15":"sale","16":"taxable","17":"shipping-taxable","18":"product-type-external"},"jetpack_sharing_enabled":true,"_links":{"self":[{"href":"https:\/\/o-glez.com\/en\/wp-json\/wp\/v2\/product\/7691","targetHints":{"allow":["GET"]}}],"collection":[{"href":"https:\/\/o-glez.com\/en\/wp-json\/wp\/v2\/product"}],"about":[{"href":"https:\/\/o-glez.com\/en\/wp-json\/wp\/v2\/types\/product"}],"version-history":[{"count":4,"href":"https:\/\/o-glez.com\/en\/wp-json\/wp\/v2\/product\/7691\/revisions"}],"predecessor-version":[{"id":7902,"href":"https:\/\/o-glez.com\/en\/wp-json\/wp\/v2\/product\/7691\/revisions\/7902"}],"wp:featuredmedia":[{"embeddable":true,"href":"https:\/\/o-glez.com\/en\/wp-json\/wp\/v2\/media\/7762"}],"wp:attachment":[{"href":"https:\/\/o-glez.com\/en\/wp-json\/wp\/v2\/media?parent=7691"}],"wp:term":[{"taxonomy":"product_brand","embeddable":true,"href":"https:\/\/o-glez.com\/en\/wp-json\/wp\/v2\/product_brand?post=7691"},{"taxonomy":"product_cat","embeddable":true,"href":"https:\/\/o-glez.com\/en\/wp-json\/wp\/v2\/product_cat?post=7691"},{"taxonomy":"product_tag","embeddable":true,"href":"https:\/\/o-glez.com\/en\/wp-json\/wp\/v2\/product_tag?post=7691"}],"curies":[{"name":"wp","href":"https:\/\/api.w.org\/{rel}","templated":true}]}}