{"id":7859,"date":"2025-05-25T14:14:34","date_gmt":"2025-05-25T13:14:34","guid":{"rendered":"https:\/\/o-glez.com\/?post_type=product&#038;p=7859"},"modified":"2025-08-02T14:15:13","modified_gmt":"2025-08-02T13:15:13","slug":"sirope-arandano","status":"publish","type":"product","link":"https:\/\/o-glez.com\/en\/sirope-arandano","title":{"rendered":"Sirope Ar\u00e1ndano"},"content":{"rendered":"<p>Collar ajustable. Cada collar est\u00e1 hecho con cuentas facetadas de cristal de 8 mm. Todo va enfilado a mano, siguiendo una t\u00e9cnica de macram\u00e9 con cord\u00f3n japon\u00e9s de poli\u00e9ster en\u00a0color amarillo, verde hierba y rosa.<\/p>\n","protected":false},"excerpt":{"rendered":"<p>Collar ajustable. Cada collar est\u00e1 hecho con cuentas facetadas de cristal de 8 mm. Todo va enfilado a mano, siguiendo una t\u00e9cnica de macram\u00e9 con cord\u00f3n japon\u00e9s de poli\u00e9ster en\u00a0color amarillo, verde hierba y rosa.<\/p>\n","protected":false},"featured_media":7835,"template":"","meta":[],"product_brand":[362],"product_cat":[364],"product_tag":[309,151],"class_list":{"0":"post-7859","1":"product","2":"type-product","3":"status-publish","4":"has-post-thumbnail","6":"product_brand-zubi","7":"product_cat-sorbetto","8":"product_tag-collar","9":"product_tag-hecho-a-mano-en-espana","11":"first","12":"outofstock","13":"sale","14":"taxable","15":"shipping-taxable","16":"purchasable","17":"product-type-simple"},"jetpack_sharing_enabled":true,"_links":{"self":[{"href":"https:\/\/o-glez.com\/en\/wp-json\/wp\/v2\/product\/7859","targetHints":{"allow":["GET"]}}],"collection":[{"href":"https:\/\/o-glez.com\/en\/wp-json\/wp\/v2\/product"}],"about":[{"href":"https:\/\/o-glez.com\/en\/wp-json\/wp\/v2\/types\/product"}],"version-history":[{"count":2,"href":"https:\/\/o-glez.com\/en\/wp-json\/wp\/v2\/product\/7859\/revisions"}],"predecessor-version":[{"id":7903,"href":"https:\/\/o-glez.com\/en\/wp-json\/wp\/v2\/product\/7859\/revisions\/7903"}],"wp:featuredmedia":[{"embeddable":true,"href":"https:\/\/o-glez.com\/en\/wp-json\/wp\/v2\/media\/7835"}],"wp:attachment":[{"href":"https:\/\/o-glez.com\/en\/wp-json\/wp\/v2\/media?parent=7859"}],"wp:term":[{"taxonomy":"product_brand","embeddable":true,"href":"https:\/\/o-glez.com\/en\/wp-json\/wp\/v2\/product_brand?post=7859"},{"taxonomy":"product_cat","embeddable":true,"href":"https:\/\/o-glez.com\/en\/wp-json\/wp\/v2\/product_cat?post=7859"},{"taxonomy":"product_tag","embeddable":true,"href":"https:\/\/o-glez.com\/en\/wp-json\/wp\/v2\/product_tag?post=7859"}],"curies":[{"name":"wp","href":"https:\/\/api.w.org\/{rel}","templated":true}]}}