{"id":7867,"date":"2025-05-25T14:14:46","date_gmt":"2025-05-25T13:14:46","guid":{"rendered":"https:\/\/o-glez.com\/?post_type=product&#038;p=7867"},"modified":"2025-08-02T13:42:30","modified_gmt":"2025-08-02T12:42:30","slug":"sorbete-chicle-xs","status":"publish","type":"product","link":"https:\/\/o-glez.com\/en\/sorbete-chicle-xs","title":{"rendered":"Sorbete Chicle XS"},"content":{"rendered":"<p>Collar ajustable. Cada collar est\u00e1 hecho con cuentas redondas de hematite de 6 mm, tratadas para lograr un acabado efecto neopreno, con un aire moderno pero sobrio. Se combinan con delicadas cuentas de cristal facetado transparente que atrapan la luz como peque\u00f1as joyas de agua. Todo va enfilado a mano, siguiendo una t\u00e9cnica de macram\u00e9 con cord\u00f3n japon\u00e9s de poli\u00e9ster en\u00a0color azul y rosa.<\/p>\n","protected":false},"excerpt":{"rendered":"<p>Collar ajustable. Cada collar est\u00e1 hecho con cuentas redondas de hematite de 6 mm, tratadas para lograr un acabado efecto neopreno, con un aire moderno pero sobrio. Se combinan con delicadas cuentas de cristal facetado transparente que atrapan la luz como peque\u00f1as joyas de agua. Todo va enfilado a mano, siguiendo una t\u00e9cnica de macram\u00e9 con cord\u00f3n japon\u00e9s de poli\u00e9ster en\u00a0color azul y rosa.<\/p>\n","protected":false},"featured_media":7841,"template":"","meta":[],"product_brand":[362],"product_cat":[364],"product_tag":[309,151],"class_list":{"0":"post-7867","1":"product","2":"type-product","3":"status-publish","4":"has-post-thumbnail","6":"product_brand-zubi","7":"product_cat-sorbetto","8":"product_tag-collar","9":"product_tag-hecho-a-mano-en-espana","11":"first","12":"instock","13":"sale","14":"taxable","15":"shipping-taxable","16":"purchasable","17":"product-type-simple"},"jetpack_sharing_enabled":true,"_links":{"self":[{"href":"https:\/\/o-glez.com\/en\/wp-json\/wp\/v2\/product\/7867","targetHints":{"allow":["GET"]}}],"collection":[{"href":"https:\/\/o-glez.com\/en\/wp-json\/wp\/v2\/product"}],"about":[{"href":"https:\/\/o-glez.com\/en\/wp-json\/wp\/v2\/types\/product"}],"version-history":[{"count":2,"href":"https:\/\/o-glez.com\/en\/wp-json\/wp\/v2\/product\/7867\/revisions"}],"predecessor-version":[{"id":7908,"href":"https:\/\/o-glez.com\/en\/wp-json\/wp\/v2\/product\/7867\/revisions\/7908"}],"wp:featuredmedia":[{"embeddable":true,"href":"https:\/\/o-glez.com\/en\/wp-json\/wp\/v2\/media\/7841"}],"wp:attachment":[{"href":"https:\/\/o-glez.com\/en\/wp-json\/wp\/v2\/media?parent=7867"}],"wp:term":[{"taxonomy":"product_brand","embeddable":true,"href":"https:\/\/o-glez.com\/en\/wp-json\/wp\/v2\/product_brand?post=7867"},{"taxonomy":"product_cat","embeddable":true,"href":"https:\/\/o-glez.com\/en\/wp-json\/wp\/v2\/product_cat?post=7867"},{"taxonomy":"product_tag","embeddable":true,"href":"https:\/\/o-glez.com\/en\/wp-json\/wp\/v2\/product_tag?post=7867"}],"curies":[{"name":"wp","href":"https:\/\/api.w.org\/{rel}","templated":true}]}}