{"id":7869,"date":"2025-05-25T14:14:47","date_gmt":"2025-05-25T13:14:47","guid":{"rendered":"https:\/\/o-glez.com\/?post_type=product&#038;p=7869"},"modified":"2025-08-03T08:19:38","modified_gmt":"2025-08-03T07:19:38","slug":"jelly-multicolor-1","status":"publish","type":"product","link":"https:\/\/o-glez.com\/en\/jelly-multicolor-1","title":{"rendered":"Jelly Multicolor 1"},"content":{"rendered":"<p>Collar ajustable. Cada collar est\u00e1 hecho con cuentas de amazonita de corte irregular de 7-10mm, cuarzo rosa, amatista y cuarzo amarillo. Cord\u00f3n de poli\u00e9ster tejido a mano de color amarillo ne\u00f3n y rosa.<\/p>\n","protected":false},"excerpt":{"rendered":"<p>Collar ajustable. Amazonita de corte irregular de 7-10mm, cuarzo rosa, amatista y cuarzo amarillo. Cord\u00f3n de poli\u00e9ster tejido a mano de color amarillo ne\u00f3n y rosa.<\/p>\n","protected":false},"featured_media":7843,"template":"","meta":[],"product_brand":[362],"product_cat":[364],"product_tag":[309,151],"class_list":{"0":"post-7869","1":"product","2":"type-product","3":"status-publish","4":"has-post-thumbnail","6":"product_brand-zubi","7":"product_cat-sorbetto","8":"product_tag-collar","9":"product_tag-hecho-a-mano-en-espana","11":"first","12":"instock","13":"sale","14":"taxable","15":"shipping-taxable","16":"purchasable","17":"product-type-simple"},"jetpack_sharing_enabled":true,"_links":{"self":[{"href":"https:\/\/o-glez.com\/en\/wp-json\/wp\/v2\/product\/7869","targetHints":{"allow":["GET"]}}],"collection":[{"href":"https:\/\/o-glez.com\/en\/wp-json\/wp\/v2\/product"}],"about":[{"href":"https:\/\/o-glez.com\/en\/wp-json\/wp\/v2\/types\/product"}],"version-history":[{"count":2,"href":"https:\/\/o-glez.com\/en\/wp-json\/wp\/v2\/product\/7869\/revisions"}],"predecessor-version":[{"id":7898,"href":"https:\/\/o-glez.com\/en\/wp-json\/wp\/v2\/product\/7869\/revisions\/7898"}],"wp:featuredmedia":[{"embeddable":true,"href":"https:\/\/o-glez.com\/en\/wp-json\/wp\/v2\/media\/7843"}],"wp:attachment":[{"href":"https:\/\/o-glez.com\/en\/wp-json\/wp\/v2\/media?parent=7869"}],"wp:term":[{"taxonomy":"product_brand","embeddable":true,"href":"https:\/\/o-glez.com\/en\/wp-json\/wp\/v2\/product_brand?post=7869"},{"taxonomy":"product_cat","embeddable":true,"href":"https:\/\/o-glez.com\/en\/wp-json\/wp\/v2\/product_cat?post=7869"},{"taxonomy":"product_tag","embeddable":true,"href":"https:\/\/o-glez.com\/en\/wp-json\/wp\/v2\/product_tag?post=7869"}],"curies":[{"name":"wp","href":"https:\/\/api.w.org\/{rel}","templated":true}]}}